{"id":464,"date":"2018-03-12T15:50:31","date_gmt":"2018-03-12T15:50:31","guid":{"rendered":"https:\/\/www.computacion.fi.unsj.edu.ar\/?page_id=464"},"modified":"2026-03-16T14:40:46","modified_gmt":"2026-03-16T14:40:46","slug":"inscripcion-catedra","status":"publish","type":"page","link":"https:\/\/www.computacion.fi.unsj.edu.ar\/?page_id=464","title":{"rendered":"Inscripci\u00f3n C\u00e1tedra"},"content":{"rendered":"<p>Para inscribirse en la C\u00e1tedra:<\/p>\n<\/p>\n\n\n<figure class=\"wp-block-image size-full is-resized\"><a href=\"https:\/\/www.computacion.fi.unsj.edu.ar\/wp-content\/uploads\/2026\/03\/INSCRIPCION-2026.jpg\"><img loading=\"lazy\" decoding=\"async\" width=\"441\" height=\"539\" src=\"https:\/\/www.computacion.fi.unsj.edu.ar\/wp-content\/uploads\/2026\/03\/INSCRIPCION-2026.jpg\" alt=\"\" class=\"wp-image-1255\" style=\"width:1081px;height:672px\" srcset=\"https:\/\/www.computacion.fi.unsj.edu.ar\/wp-content\/uploads\/2026\/03\/INSCRIPCION-2026.jpg 441w, https:\/\/www.computacion.fi.unsj.edu.ar\/wp-content\/uploads\/2026\/03\/INSCRIPCION-2026-245x300.jpg 245w\" sizes=\"auto, (max-width: 441px) 100vw, 441px\" \/><\/a><\/figure>\n","protected":false},"excerpt":{"rendered":"<p>Para inscribirse en la C\u00e1tedra:<\/p>\n","protected":false},"author":2,"featured_media":0,"parent":0,"menu_order":0,"comment_status":"closed","ping_status":"closed","template":"","meta":{"footnotes":""},"class_list":["post-464","page","type-page","status-publish","hentry"],"_links":{"self":[{"href":"https:\/\/www.computacion.fi.unsj.edu.ar\/index.php?rest_route=\/wp\/v2\/pages\/464","targetHints":{"allow":["GET"]}}],"collection":[{"href":"https:\/\/www.computacion.fi.unsj.edu.ar\/index.php?rest_route=\/wp\/v2\/pages"}],"about":[{"href":"https:\/\/www.computacion.fi.unsj.edu.ar\/index.php?rest_route=\/wp\/v2\/types\/page"}],"author":[{"embeddable":true,"href":"https:\/\/www.computacion.fi.unsj.edu.ar\/index.php?rest_route=\/wp\/v2\/users\/2"}],"replies":[{"embeddable":true,"href":"https:\/\/www.computacion.fi.unsj.edu.ar\/index.php?rest_route=%2Fwp%2Fv2%2Fcomments&post=464"}],"version-history":[{"count":24,"href":"https:\/\/www.computacion.fi.unsj.edu.ar\/index.php?rest_route=\/wp\/v2\/pages\/464\/revisions"}],"predecessor-version":[{"id":1256,"href":"https:\/\/www.computacion.fi.unsj.edu.ar\/index.php?rest_route=\/wp\/v2\/pages\/464\/revisions\/1256"}],"wp:attachment":[{"href":"https:\/\/www.computacion.fi.unsj.edu.ar\/index.php?rest_route=%2Fwp%2Fv2%2Fmedia&parent=464"}],"curies":[{"name":"wp","href":"https:\/\/api.w.org\/{rel}","templated":true}]}}